{"id":103,"date":"2015-02-11T11:50:43","date_gmt":"2015-02-11T11:50:43","guid":{"rendered":"http:\/\/prodegra.com\/?page_id=103"},"modified":"2020-04-05T12:28:02","modified_gmt":"2020-04-05T12:28:02","slug":"obra-civil","status":"publish","type":"page","link":"https:\/\/prodegra.com\/?page_id=103","title":{"rendered":"Obra Civil"},"content":{"rendered":"\r\n<ul class=\"wp-block-gallery columns-3 is-cropped wp-block-gallery-1 is-layout-flex wp-block-gallery-is-layout-flex\">\r\n<li class=\"blocks-gallery-item\">\r\n<figure><img loading=\"lazy\" decoding=\"async\" class=\"wp-image-351\" src=\"https:\/\/prodegra.com\/wp-content\/uploads\/2019\/08\/IMG_4046-1-1024x765.jpg\" alt=\"\" width=\"482\" height=\"360\" data-id=\"351\" srcset=\"https:\/\/prodegra.com\/wp-content\/uploads\/2019\/08\/IMG_4046-1-1024x765.jpg 1024w, https:\/\/prodegra.com\/wp-content\/uploads\/2019\/08\/IMG_4046-1-300x224.jpg 300w, https:\/\/prodegra.com\/wp-content\/uploads\/2019\/08\/IMG_4046-1-768x574.jpg 768w\" sizes=\"auto, (max-width: 482px) 100vw, 482px\" \/><\/figure>\r\n<\/li>\r\n<li class=\"blocks-gallery-item\">\r\n<figure><img loading=\"lazy\" decoding=\"async\" class=\"wp-image-353\" src=\"https:\/\/prodegra.com\/wp-content\/uploads\/2019\/08\/DSC_4257-2-576x1024.jpg\" alt=\"\" width=\"472\" height=\"839\" data-id=\"353\" data-link=\"https:\/\/prodegra.com\/servicios\/obra-civil\/dsc_4257-2\/\" srcset=\"https:\/\/prodegra.com\/wp-content\/uploads\/2019\/08\/DSC_4257-2-576x1024.jpg 576w, https:\/\/prodegra.com\/wp-content\/uploads\/2019\/08\/DSC_4257-2-169x300.jpg 169w, https:\/\/prodegra.com\/wp-content\/uploads\/2019\/08\/DSC_4257-2-768x1365.jpg 768w\" sizes=\"auto, (max-width: 472px) 100vw, 472px\" \/><\/figure>\r\n<\/li>\r\n<li class=\"blocks-gallery-item\">\r\n<figure><img loading=\"lazy\" decoding=\"async\" class=\"wp-image-355\" src=\"https:\/\/prodegra.com\/wp-content\/uploads\/2019\/08\/IMG_3171-2-1024x765.jpg\" alt=\"\" width=\"479\" height=\"358\" data-id=\"355\" data-link=\"https:\/\/prodegra.com\/servicios\/obra-civil\/img_3171-2\/\" srcset=\"https:\/\/prodegra.com\/wp-content\/uploads\/2019\/08\/IMG_3171-2-1024x765.jpg 1024w, https:\/\/prodegra.com\/wp-content\/uploads\/2019\/08\/IMG_3171-2-300x224.jpg 300w, https:\/\/prodegra.com\/wp-content\/uploads\/2019\/08\/IMG_3171-2-768x574.jpg 768w\" sizes=\"auto, (max-width: 479px) 100vw, 479px\" \/><\/figure>\r\n<\/li>\r\n<li class=\"blocks-gallery-item\">\r\n<figure><img loading=\"lazy\" decoding=\"async\" class=\"wp-image-356\" src=\"https:\/\/prodegra.com\/wp-content\/uploads\/2019\/08\/IMG_4133-1.jpg\" alt=\"\" width=\"457\" height=\"612\" data-id=\"356\" data-link=\"https:\/\/prodegra.com\/servicios\/obra-civil\/img_4133-1\/\" srcset=\"https:\/\/prodegra.com\/wp-content\/uploads\/2019\/08\/IMG_4133-1.jpg 597w, https:\/\/prodegra.com\/wp-content\/uploads\/2019\/08\/IMG_4133-1-224x300.jpg 224w\" sizes=\"auto, (max-width: 457px) 100vw, 457px\" \/><\/figure>\r\n<\/li>\r\n<li class=\"blocks-gallery-item\">\r\n<figure><img loading=\"lazy\" decoding=\"async\" class=\"wp-image-357\" src=\"https:\/\/prodegra.com\/wp-content\/uploads\/2019\/08\/IMG_4207-1.jpg\" alt=\"\" width=\"458\" height=\"342\" data-id=\"357\" data-link=\"https:\/\/prodegra.com\/servicios\/obra-civil\/img_4207-1\/\" srcset=\"https:\/\/prodegra.com\/wp-content\/uploads\/2019\/08\/IMG_4207-1.jpg 800w, https:\/\/prodegra.com\/wp-content\/uploads\/2019\/08\/IMG_4207-1-300x224.jpg 300w, https:\/\/prodegra.com\/wp-content\/uploads\/2019\/08\/IMG_4207-1-768x573.jpg 768w\" sizes=\"auto, (max-width: 458px) 100vw, 458px\" \/><\/figure>\r\n<\/li>\r\n<\/ul>\r\n\r\n\r\n\r\n<p><strong>Prodegra Obra Civil y Edificaci\u00f3n S.L. <\/strong>destaca por su capacidad de ejecuci\u00f3n de obras civiles. Contamos con personal t\u00e9cnico especializado con mas de treinta y cinco a\u00f1os de experiencia en obra civil.<\/p>\r\n\r\n\r\n\r\n<p>Contamos con todo tipo de maquinaria que nos permite conseguir un nivel de acabado deseado.<\/p>\r\n\r\n\r\n\r\n<p><strong>Prodegra Obra Civil y Edificaci\u00f3n S.L. <\/strong>es empresa colaboradora de empresas especializadas en el sector y tiene capacidad de ejecuci\u00f3n de cualquier tipo de obra.<\/p>\r\n\r\n\r\n\r\n<p>Realizamos obras p\u00fablicas y privadas. Hacemos ejecuciones que van desde reparaciones de pavimentos, ejecuci\u00f3n de acometidas hasta viales con todo tipo de instalaci\u00f3n.<\/p>\r\n\r\n\r\n\r\n<div class=\"wp-block-button aligncenter\" style=\"text-align: center;\"><a class=\"wp-block-button__link\" href=\"https:\/\/prodegra.com\/?page_id=1360\">GALER\u00cdA DE IM\u00c1GENES<\/a><\/div>\r\n\r\n\r\n\r\n<h4 class=\"wp-block-heading\">RELACI\u00d3N DE OBRAS EJECUTADAS<\/h4>\r\n\r\n\r\n\r\n<ul class=\"wp-block-list\">\r\n<li>ELIMINACI\u00d3N DE BARRERAS ARQUITECT\u00d3NICAS Y MEJORA DE EFICACIA ENERG\u00c9TICA EN EL CENTRO DE D\u00cdA DE VELEZ DE BENAUDALLA.<\/li>\r\n<li>MEJORA DEL ABASTECIMIENTO, SANEAMIENTO Y EFICIENCIA ENERG\u00c9TICA DE LA CALLE CABO DE V\u00c9LEZ DE BENAUDALLA<\/li>\r\n<li>INSTALACI\u00d3N DE RIEGOS EN JARDINERAS DEL CENTRO HIST\u00d3RICO COMERCIAL DE MOTRIL.<\/li>\r\n<li>2010\/2\/GPP-68 \u201cLANJARON, ABASTECIMIENTO, SANEAMIENTO, PAVIMENTACI\u00d3N Y ALUMBRADO DE LAS CALLES VIRGEN DEL PILAR SAN SEBASTI\u00c1N (TRAMO I).<\/li>\r\n<li>OP 44\/10 \u201cURBANIZACI\u00d3N DEL BARRIO SANTA CRUZ EN MOTRIL\u201d<\/li>\r\n<li>DEMOLICIONES TITO ALTO Y BUENA VISTA<\/li>\r\n<li>AMPLIACI\u00d3N Y MEJORA TECNOL\u00d3GICA DE CENTRAL HORTOFRUTICOLA DE GRANADA LA PALMA SCA (CARCHUNA)<\/li>\r\n<li>PROYECTO DE ADAPTACI\u00d3N DE PARCELA PARA APARCAMIENTO DE CAMINONES SECICAR S.A. (ZONA ACTIVIDADES LOG\u00cdSTICAS DEL PUERTO DE MOTRIL)<\/li>\r\n<li>DEMOLICIONES DE VIVIENDAS EN CALLE TITO ALTO Y BUENAVISTA<\/li>\r\n<li>CIMENTACI\u00d3N TANQUE T113 SECICAR S.A.<\/li>\r\n<li>DEMOLICI\u00d3N DE VIVIENDA EN CALLE CHISPA<\/li>\r\n<li>REFORMA DEL PASEO DE NACIMIENTO EN V\u00c9LEZ DE BENAUDALLA<\/li>\r\n<li>SECICAR, ARREGLO DE TUBER\u00cdA DE PLUVIALES.<\/li>\r\n<li>CONDUCCI\u00d3N ABASTECIMIENTO TUBER\u00cdA PE200MM EN DEPOSITOS CASTILLO-LAS CA\u00d1ADAS PARA EL AYUNTAMIENTO DE V\u00c9LEZ DE BENAUDALLA.<\/li>\r\n<li>ADAPTACI\u00d3N DEL ENTORNO DE INVERNADEROS Y RECOGIDA DE PLUVIALES PARA LA COOPERATIVA GRANADA LA PALMA EN ALCUBILLAS DE PUNTAL\u00d3N (GRANADA)<\/li>\r\n<li>REPARACI\u00d3N DE MURO EN CORTIJO LA SOLANA DE V\u00c9LEZ DE LA GORGORACHA DE V\u00c9LEZ DE BENAUDALLA (GRANADA)<\/li>\r\n<li>EJECUCI\u00d3N DE MURO DE MAMPOSTER\u00cdA EN FINCA PARTICULAR EN LOBRES (GRANADA)<\/li>\r\n<li>RENOVACI\u00d3N DE PAVIMENTO Y ABASTECIMIENTO EN CALLE MARTIRES DE V\u00c9LEZ DE BENAUDALLA<\/li>\r\n<li>EJECUCI\u00d3N DE MURO DE HORMIG\u00d3N ARMADO EN FINCA DE V\u00c9LEZ DE BENAUDALLA<\/li>\r\n<li>PROYECTO DE RENOVACI\u00d3N DE LAS REDES DE SANEAMIENTO Y ABASTECIMIENTO DE LAS CALLES SAN MIGUEL Y GRILLO DE GUALCHOS PARA LA MANCOMUNIDAD DE MUNICIPIOS DE LA COSTA TROPICAL<\/li>\r\n<li>PROYECTO MEJORA DE REDES DE ABASTECIMIENTO Y SANEAMIENTO CALLE OLIVILLO Y PLAZA MORALES DE LENTEGI PARA LA MANCOMUNIDAD DE MUNICIPIOS DE LA COSTA TROPICAL<\/li>\r\n<li>RENOVACI\u00d3N REDES B\u00c1SICAS Y PAVIMENTACI\u00d3N EN CALLE GALERA, DE V\u00c9LEZ DE BENAUDALLA<\/li>\r\n<li>PRESUPUESTO DE EJECUCI\u00d3N DE ZAPATAS AISLADAS CON PLACAS DE ANCLAJE Y SISTEMA DE EVACUACI\u00d3N PLUVIAL PARA LA INSTALACI\u00d3N DE MARQUESINAS EN ZONA PIF DEL PUERTO DE MOTRIL<\/li>\r\n<li>COLOCACI\u00d3N DE TUBER\u00cdA DE AGUA POTABLE Y REPOSICI\u00d3N\u00a0 DE PAVIMENTO EN MARGEN DE LA N-323, INMEDIACIONES COOPERATIVA LA PALMA PARA EL AYUNTAMIENTO DE V\u00c9LEZ DE BENAUDALLA.<\/li>\r\n<li>EJECUCI\u00d3N DE VIAL EN INVERNADEROS DE COOPERATIVA GRANADA LA PALMA EN PUNTAL\u00d3N MOTRIL.<\/li>\r\n<li>VALLADO\u00a0 DE PARCELA EN PLAYA GRANADA PARA EL AYUNTAMIENTO DE MOTRIL<\/li>\r\n<\/ul>\r\n\r\n\r\n\r\n<p style=\"text-align: center;\"><strong>CONTACTO: (+34) 675 860 749 email: prodegra@prodegra.com<\/strong><\/p>\r\n","protected":false},"excerpt":{"rendered":"<p>Prodegra Obra Civil y Edificaci\u00f3n S.L. destaca por su capacidad de ejecuci\u00f3n de obras civiles. Contamos con personal t\u00e9cnico especializado con mas de treinta y cinco a\u00f1os de experiencia en obra civil. Contamos con todo tipo de maquinaria que nos permite conseguir un nivel de acabado deseado. Prodegra Obra Civil y Edificaci\u00f3n S.L. es empresa [&hellip;]<\/p>\n","protected":false},"author":2,"featured_media":0,"parent":33,"menu_order":0,"comment_status":"open","ping_status":"closed","template":"","meta":{"footnotes":""},"class_list":["post-103","page","type-page","status-publish","hentry"],"_links":{"self":[{"href":"https:\/\/prodegra.com\/index.php?rest_route=\/wp\/v2\/pages\/103","targetHints":{"allow":["GET"]}}],"collection":[{"href":"https:\/\/prodegra.com\/index.php?rest_route=\/wp\/v2\/pages"}],"about":[{"href":"https:\/\/prodegra.com\/index.php?rest_route=\/wp\/v2\/types\/page"}],"author":[{"embeddable":true,"href":"https:\/\/prodegra.com\/index.php?rest_route=\/wp\/v2\/users\/2"}],"replies":[{"embeddable":true,"href":"https:\/\/prodegra.com\/index.php?rest_route=%2Fwp%2Fv2%2Fcomments&post=103"}],"version-history":[{"count":21,"href":"https:\/\/prodegra.com\/index.php?rest_route=\/wp\/v2\/pages\/103\/revisions"}],"predecessor-version":[{"id":1367,"href":"https:\/\/prodegra.com\/index.php?rest_route=\/wp\/v2\/pages\/103\/revisions\/1367"}],"up":[{"embeddable":true,"href":"https:\/\/prodegra.com\/index.php?rest_route=\/wp\/v2\/pages\/33"}],"wp:attachment":[{"href":"https:\/\/prodegra.com\/index.php?rest_route=%2Fwp%2Fv2%2Fmedia&parent=103"}],"curies":[{"name":"wp","href":"https:\/\/api.w.org\/{rel}","templated":true}]}}