{"id":35,"date":"2015-01-30T12:44:01","date_gmt":"2015-01-30T12:44:01","guid":{"rendered":"http:\/\/prodegra.com\/?page_id=35"},"modified":"2020-04-01T19:14:10","modified_gmt":"2020-04-01T19:14:10","slug":"medio-ambiente","status":"publish","type":"page","link":"https:\/\/prodegra.com\/?page_id=35","title":{"rendered":"Medio Ambiente"},"content":{"rendered":"\r\n<div class=\"fusion-fullwidth fullwidth-box\" style=\"background-color:#242424;background-attachment:scroll;background-position:left top;background-repeat:no-repeat;-webkit-background-size:cover;-moz-background-size:cover;-o-background-size:cover;background-size:cover;border-color:#3e3e3e;border-bottom-width: 0px;border-top-width: 0px;border-bottom-style: solid;border-top-style: solid;padding-bottom:20px;padding-left:20px;padding-right:20px;padding-top:20px;\"><div class=\"avada-row\">\r\n<p style=\"text-align: justify;\"><a href=\"https:\/\/prodegra.com\/wp-content\/uploads\/2015\/01\/350px-Swamp_lake_Balarus.jpg\"> <\/a><a id=\"\" class=\"\" title=\"\" href=\"https:\/\/prodegra.com\/wp-content\/uploads\/2015\/01\/350px-Swamp_lake_Balarus-300x225.jpg\" data-rel=\"prettyPhoto\"><img decoding=\"async\" class=\" alignleft\" src=\"https:\/\/prodegra.com\/wp-content\/uploads\/2015\/01\/350px-Swamp_lake_Balarus-300x225.jpg\" alt=\"\" \/><\/a><a href=\"https:\/\/prodegra.com\/wp-content\/uploads\/2015\/01\/350px-Swamp_lake_Balarus.jpg\"> <\/a>El <b>medio ambiente<\/b> son los conjuntos de componentes f\u00edsicos, qu\u00edmicos, biol\u00f3gicos, sociales, econ\u00f3micos y culturales capaces de causar efectos directos e indirectos, en un plazo corto o largo sobre los seres vivos. Desde el punto de vista humano, se refiere al entorno que afecta y condiciona especialmente las circunstancias de vida de las personas o de la sociedad en su conjunto. Comprende el conjunto de valores naturales, sociales y culturales existentes en un lugar y en un momento determinado, que influyen en la vida del ser humano y en las generaciones futuras. Es decir, no se trata s\u00f3lo del espacio en el que se desarrolla la vida, sino que tambi\u00e9n comprende seres vivos, objetos, agua, suelo, aire y las relaciones entre ellos, as\u00ed como elementos tan intangibles como la cultura.<\/p>\r\n<p style=\"text-align: justify;\"><div class=\"fusion-title title\"><h3 class=\"title-heading-left\">Origen etimol\u00f3gico<\/h3><div class=\"title-sep-container\"><div class=\"title-sep sep-double sep-solid\"><\/div><\/div><\/div>\r\n<p style=\"text-align: justify;\"> <a id=\"\" class=\"\" title=\"\" href=\"https:\/\/prodegra.com\/wp-content\/uploads\/2015\/01\/\u00edndice.jpeg\" data-rel=\"prettyPhoto\"><img decoding=\"async\" class=\" alignright\" src=\"https:\/\/prodegra.com\/wp-content\/uploads\/2015\/01\/\u00edndice.jpeg\" alt=\"\" \/><\/a> La palabra medio procede del lat\u00edn <i>medium<\/i> (g\u00e9nero neutro); como adjetivo, del lat\u00edn <i>medius<\/i> (g\u00e9nero masculino). La palabra <i>ambiente<\/i> procede del lat\u00edn <i>ambiens, ambie<\/i><i>ntis<\/i>, del verbo <i>ambere<\/i>, \u00abrodear\u00bb, \u00abestar a ambos lados\u00bb. Se podr\u00eda considerar a la expresi\u00f3n <i><b>medio ambiente<\/b><\/i> como pleonasmo porque las acepciones de los dos elementos de tales graf\u00edas son coincidentes con la acepci\u00f3n inherente cuando van juntos. Sin embargo, algunas acepciones de ambas palabras por separado son diferentes. Lo que permite su comprensi\u00f3n es el contexto. Por ejemplo, otras acepciones, metaf\u00f3ricas, del t\u00e9rmino <i>ambiente<\/i> aluden a sectores sociales, como <i>ambiente popular<\/i> o <i>ambiente aristocr\u00e1tico<\/i>; o actitudes, como <i>tener buen ambiente con los amigos<\/i>.<\/p>\r\n<\/div><\/div><div class=\"fusion-fullwidth fullwidth-box\" style=\"background-color:#242424;background-attachment:scroll;background-position:left top;background-repeat:no-repeat;-webkit-background-size:cover;-moz-background-size:cover;-o-background-size:cover;background-size:cover;border-color:#3e3e3e;border-bottom-width: 0px;border-top-width: 0px;border-bottom-style: solid;border-top-style: solid;padding-bottom:20px;padding-left:0px;padding-right:0px;padding-top:20px;\"><div class=\"avada-row\"><strong>Prodegra Obra Civil y Edificaci\u00f3n S.L. <\/strong>\u00a0es una empresa con compromiso medio ambiental. En todas sus actuaciones tiene en cuenta el impacto de sus obras en el medio ambiente, reduci\u00e9ndolo y haciendo un tratamiento separativo de residuos dando traslado de ellos hasta el Vertedero Autorizado m\u00e1s cercano. PRODEGRA realiza adem\u00e1s salidas programadas familiares en compromiso con el medio ambiente limpiando zonas contaminadas de nuestro entorno y dando ejemplo a las nuevas generaciones.<\/p>\r\n<p><b><strong>Prodegra Obra Civil y Edificaci\u00f3n S.L.<\/strong> <\/b>tiene en cuenta en todas sus actuaciones el futuro de nuestro entorno y act\u00faa en consecuencia con las pautas necesarias para conseguir un futuro medio ambiental sostenible digno para las generaciones futuras.<\/div><\/div>\r\n<p><\/p>\r\n<p><\/p>\r\n<p><\/p>\r\n<p style=\"text-align: center;\"><strong>CONTACTO: (+34) 675 860 749 email: prodegra@prodegra.com<\/strong><\/p>\r\n","protected":false},"excerpt":{"rendered":"","protected":false},"author":2,"featured_media":0,"parent":0,"menu_order":3,"comment_status":"open","ping_status":"closed","template":"","meta":{"footnotes":""},"class_list":["post-35","page","type-page","status-publish","hentry"],"_links":{"self":[{"href":"https:\/\/prodegra.com\/index.php?rest_route=\/wp\/v2\/pages\/35","targetHints":{"allow":["GET"]}}],"collection":[{"href":"https:\/\/prodegra.com\/index.php?rest_route=\/wp\/v2\/pages"}],"about":[{"href":"https:\/\/prodegra.com\/index.php?rest_route=\/wp\/v2\/types\/page"}],"author":[{"embeddable":true,"href":"https:\/\/prodegra.com\/index.php?rest_route=\/wp\/v2\/users\/2"}],"replies":[{"embeddable":true,"href":"https:\/\/prodegra.com\/index.php?rest_route=%2Fwp%2Fv2%2Fcomments&post=35"}],"version-history":[{"count":9,"href":"https:\/\/prodegra.com\/index.php?rest_route=\/wp\/v2\/pages\/35\/revisions"}],"predecessor-version":[{"id":565,"href":"https:\/\/prodegra.com\/index.php?rest_route=\/wp\/v2\/pages\/35\/revisions\/565"}],"wp:attachment":[{"href":"https:\/\/prodegra.com\/index.php?rest_route=%2Fwp%2Fv2%2Fmedia&parent=35"}],"curies":[{"name":"wp","href":"https:\/\/api.w.org\/{rel}","templated":true}]}}